{"id":124,"date":"2025-07-21T14:56:44","date_gmt":"2025-07-21T12:56:44","guid":{"rendered":"https:\/\/kellenbachtal.de\/?page_id=124"},"modified":"2025-07-23T14:20:37","modified_gmt":"2025-07-23T12:20:37","slug":"impressum","status":"publish","type":"page","link":"https:\/\/kellenbachtal.de\/Home\/impressum\/","title":{"rendered":"Impressum"},"content":{"rendered":"<div data-colibri-id=\"124-c1\" class=\"style-458 style-local-124-c1 position-relative\">\n  <!---->\n  <div data-colibri-component=\"section\" data-colibri-id=\"124-c2\" id=\"custom\" class=\"h-section h-section-global-spacing d-flex align-items-lg-center align-items-md-center align-items-center style-459 style-local-124-c2 position-relative\">\n    <!---->\n    <!---->\n    <div class=\"h-section-grid-container h-section-boxed-container\">\n      <!---->\n      <div data-colibri-id=\"124-c3\" class=\"h-row-container gutters-row-lg-2 gutters-row-md-2 gutters-row-0 gutters-row-v-lg-2 gutters-row-v-md-2 gutters-row-v-2 style-460 style-local-124-c3 position-relative\">\n        <!---->\n        <div class=\"h-row justify-content-lg-center justify-content-md-center justify-content-center align-items-lg-stretch align-items-md-stretch align-items-stretch gutters-col-lg-2 gutters-col-md-2 gutters-col-0 gutters-col-v-lg-2 gutters-col-v-md-2 gutters-col-v-2\">\n          <!---->\n          <div class=\"h-column h-column-container d-flex h-col-lg-auto h-col-md-auto h-col-auto style-461-outer style-local-124-c4-outer\">\n            <div data-colibri-id=\"124-c4\" class=\"d-flex h-flex-basis h-column__inner h-px-lg-2 h-px-md-2 h-px-2 v-inner-lg-2 v-inner-md-2 v-inner-2 style-461 style-local-124-c4 position-relative\">\n              <!---->\n              <!---->\n              <div class=\"w-100 h-y-container h-column__content h-column__v-align flex-basis-100 align-self-lg-start align-self-md-start align-self-start\">\n                <!---->\n                <div data-colibri-id=\"124-c5\" class=\"h-text h-text-component style-462 style-local-124-c5 position-relative h-element\">\n                  <!---->\n                  <!---->\n                  <div class=\"\">\n                    <h3><span style=\"color: rgb(110, 214, 228);\">Angaben gem\u00e4\u00df \u00a7 5 TMG:<\/span><\/h3>\n                    <p>Kultur und Heimat Kellenbachtal e.V.<\/p>\n                    <p>Hauptstra\u00dfe 27<\/p>\n                    <p>55618 Simmertal<\/p>\n                    <h3><span style=\"color: rgb(110, 214, 228);\">Kontakt:<\/span><\/h3>\n                    <p>E-Mail: beenen@kellenbachtal.de<\/p>\n                    <h3><span style=\"color: rgb(110, 214, 228);\">Haftung f\u00fcr Inhalte<\/span><\/h3>\n                    <p>Als Diensteanbieter sind wir gem\u00e4\u00df \u00a7 7 Abs.1 TMG f\u00fcr eigene Inhalte auf diesen Seiten nach den allgemeinen Gesetzen verantwortlich. Nach \u00a7\u00a7 8 bis\n                      <br>10 TMG sind wir als Diensteanbieter jedoch nicht verpflichtet, \u00fcbermittelte oder gespeicherte fremde Informationen zu \u00fcberwachen oder nach Umst\u00e4nden zu forschen, die auf eine rechtswidrige T\u00e4tigkeit hinweisen.<\/p>\n                    <p>Verpflichtungen zur Entfernung oder Sperrung der Nutzung von Informationen nach den allgemeinen Gesetzen bleiben hiervon unber\u00fchrt. Eine diesbez\u00fcgliche Haftung ist jedoch erst ab dem Zeitpunkt der Kenntnis einer konkreten Rechtsverletzung\n                      m\u00f6glich. Bei Bekanntwerden von entsprechenden Rechtsverletzungen werden wir diese Inhalte umgehend entfernen.<\/p>\n                    <h3><span style=\"color: rgb(110, 214, 228);\">Haftung f\u00fcr Links<\/span><\/h3>\n                    <p>Unser Angebot enth\u00e4lt Links zu externen Websites Dritter, auf deren Inhalte wir keinen Einfluss haben. Deshalb k\u00f6nnen wir f\u00fcr diese\n                      <br>fremden Inhalte auch keine Gew\u00e4hr \u00fcbernehmen. F\u00fcr die Inhalte der verlinkten Seiten ist stets der jeweilige Anbieter oder Betreiber der Seiten verantwortlich. Die verlinkten Seiten wurden zum Zeitpunkt der Verlinkung auf m\u00f6gliche\n                      Rechtsverst\u00f6\u00dfe \u00fcberpr\u00fcft. Rechtswidrige Inhalte waren zum Zeitpunkt der Verlinkung nicht erkennbar.<\/p>\n                    <p>Eine permanente inhaltliche Kontrolle der verlinkten Seiten ist jedoch ohne konkrete Anhaltspunkte einer Rechtsverletzung\n                      <br>nicht zumutbar. Bei Bekanntwerden von Rechtsverletzungen werden wir derartige Links umgehend entfernen.<\/p>\n                    <h3><span style=\"color: rgb(110, 214, 228);\">Urheberrecht<\/span><\/h3>\n                    <p>Die durch die Seitenbetreiber erstellten Inhalte und Werke auf diesen Seiten unterliegen dem deutschen Urheberrecht. Die Vervielf\u00e4ltigung, Bearbeitung, Verbreitung und jede Art der Verwertung au\u00dferhalb der Grenzen des Urheberrechtes\n                      bed\u00fcrfen der schriftlichen Zustimmung des jeweiligen Autors bzw. Erstellers. Downloads und Kopien dieser Seite sind nur f\u00fcr den privaten, nicht kommerziellen Gebrauch gestattet.<\/p>\n                    <p>Soweit die Inhalte auf dieser Seite nicht vom Betreiber erstellt wurden, werden die Urheberrechte Dritter beachtet. Insbesondere\n                      <br>werden Inhalte Dritter als solche gekennzeichnet. Sollten Sie trotzdem auf eine Urheberrechtsverletzung aufmerksam werden, bitten wir um einen entsprechenden Hinweis. Bei Bekanntwerden von Rechtsverletzungen werden wir derartige\n                      Inhalte umgehend entfernen.<\/p>\n                    <p>Quellen:<\/p>\n                    <p><span style=\"color: rgb(110, 214, 228);\"><br><\/span>\n                      <a href=\"https:\/\/www.e-recht24.de\" class=\"customize-unpreviewable\">https:\/\/www.e-recht24.de<\/a>\n                      <br>\n                      <a href=\"https:\/\/kulturpoetik.uni-mainz.de\/datenschutzerklaerung\" class=\"customize-unpreviewable\">https:\/\/kulturpoetik.uni-mainz.de\/datenschutzerklaerung\/<\/a>\n                    <\/p>\n                  <\/div>\n                <\/div>\n              <\/div>\n            <\/div>\n          <\/div>\n        <\/div>\n      <\/div>\n    <\/div>\n  <\/div>\n<\/div>","protected":false},"excerpt":{"rendered":"<p>Angaben gem\u00e4\u00df \u00a7 5 TMG: Kultur und Heimat Kellenbachtal e.V. Hauptstra\u00dfe 27 55618 Simmertal Kontakt: E-Mail: beenen@kellenbachtal.de Haftung f\u00fcr Inhalte Als Diensteanbieter sind wir gem\u00e4\u00df \u00a7 7 Abs.1 TMG f\u00fcr eigene Inhalte auf diesen Seiten nach den allgemeinen Gesetzen verantwortlich. Nach \u00a7\u00a7 8 bis 10 TMG sind wir als Diensteanbieter jedoch nicht verpflichtet, \u00fcbermittelte oder [&hellip;]<\/p>\n","protected":false},"author":1,"featured_media":0,"parent":0,"menu_order":0,"comment_status":"closed","ping_status":"closed","template":"page-templates\/full-width-page.php","meta":{"footnotes":""},"class_list":["post-124","page","type-page","status-publish","hentry"],"_links":{"self":[{"href":"https:\/\/kellenbachtal.de\/Home\/wp-json\/wp\/v2\/pages\/124","targetHints":{"allow":["GET"]}}],"collection":[{"href":"https:\/\/kellenbachtal.de\/Home\/wp-json\/wp\/v2\/pages"}],"about":[{"href":"https:\/\/kellenbachtal.de\/Home\/wp-json\/wp\/v2\/types\/page"}],"author":[{"embeddable":true,"href":"https:\/\/kellenbachtal.de\/Home\/wp-json\/wp\/v2\/users\/1"}],"replies":[{"embeddable":true,"href":"https:\/\/kellenbachtal.de\/Home\/wp-json\/wp\/v2\/comments?post=124"}],"version-history":[{"count":7,"href":"https:\/\/kellenbachtal.de\/Home\/wp-json\/wp\/v2\/pages\/124\/revisions"}],"predecessor-version":[{"id":313,"href":"https:\/\/kellenbachtal.de\/Home\/wp-json\/wp\/v2\/pages\/124\/revisions\/313"}],"wp:attachment":[{"href":"https:\/\/kellenbachtal.de\/Home\/wp-json\/wp\/v2\/media?parent=124"}],"curies":[{"name":"wp","href":"https:\/\/api.w.org\/{rel}","templated":true}]}}