{"id":92,"date":"2025-07-21T14:23:40","date_gmt":"2025-07-21T12:23:40","guid":{"rendered":"https:\/\/kellenbachtal.de\/?page_id=92"},"modified":"2025-07-25T07:56:57","modified_gmt":"2025-07-25T05:56:57","slug":"mitgliedschaft","status":"publish","type":"page","link":"https:\/\/kellenbachtal.de\/Home\/mitgliedschaft\/","title":{"rendered":"Mitgliedschaft"},"content":{"rendered":"<div data-colibri-id=\"92-c1\" class=\"style-663 style-local-92-c1 position-relative\">\n  <!---->\n  <div data-colibri-component=\"section\" data-colibri-id=\"92-c2\" id=\"features-2\" class=\"h-section h-section-global-spacing d-flex align-items-lg-center align-items-md-center align-items-center style-682 style-local-92-c2 position-relative\">\n    <!---->\n    <!---->\n    <div class=\"h-section-grid-container h-section-boxed-container\">\n      <div data-colibri-id=\"92-c28\" class=\"h-row-container gutters-row-lg-2 gutters-row-md-2 gutters-row-0 gutters-row-v-lg-2 gutters-row-v-md-2 gutters-row-v-2 style-690 style-local-92-c28 position-relative\">\n        <!---->\n        <div class=\"h-row justify-content-lg-center justify-content-md-center justify-content-center align-items-lg-stretch align-items-md-stretch align-items-stretch gutters-col-lg-2 gutters-col-md-2 gutters-col-0 gutters-col-v-lg-2 gutters-col-v-md-2 gutters-col-v-2\">\n          <!---->\n          <div class=\"h-column h-column-container d-flex h-col-lg-auto h-col-md-auto h-col-auto style-691-outer style-local-92-c29-outer\">\n            <div data-colibri-id=\"92-c29\" class=\"d-flex h-flex-basis h-column__inner h-px-lg-2 h-px-md-2 h-px-2 v-inner-lg-2 v-inner-md-2 v-inner-2 style-691 style-local-92-c29 position-relative\">\n              <!---->\n              <!---->\n              <div class=\"w-100 h-y-container h-column__content h-column__v-align flex-basis-100 align-self-lg-start align-self-md-start align-self-start\">\n                <!---->\n                <div data-colibri-id=\"92-c30\" class=\"h-global-transition-all h-heading style-692 style-local-92-c30 position-relative h-element\">\n                  <!---->\n                  <div class=\"h-heading__outer style-692 style-local-92-c30\">\n                    <!---->\n                    <!---->\n                    <h2 class=\"\">Mitgliedschaft<\/h2>\n                  <\/div>\n                <\/div>\n              <\/div>\n            <\/div>\n          <\/div>\n        <\/div>\n      <\/div>\n      <div data-colibri-id=\"92-c3\" class=\"h-row-container gutters-row-lg-2 gutters-row-md-2 gutters-row-2 gutters-row-v-lg-2 gutters-row-v-md-2 gutters-row-v-2 style-683 style-local-92-c3 position-relative\">\n        <!---->\n        <div class=\"h-row justify-content-lg-center justify-content-md-center justify-content-center align-items-lg-stretch align-items-md-stretch align-items-stretch gutters-col-lg-2 gutters-col-md-2 gutters-col-2 gutters-col-v-lg-2 gutters-col-v-md-2 gutters-col-v-2\">\n          <!---->\n          <div class=\"h-column h-column-container d-flex h-col-lg-3 h-col-md-6 h-col-12 style-684-outer style-local-92-c4-outer\">\n            <div data-colibri-id=\"92-c4\" class=\"d-flex h-flex-basis h-column__inner h-px-lg-3 h-px-md-3 h-px-2 v-inner-lg-3 v-inner-md-3 v-inner-2 style-684 style-local-92-c4 position-relative\">\n              <!---->\n              <!---->\n              <div class=\"w-100 h-y-container h-column__content h-column__v-align flex-basis-100 align-self-lg-center align-self-md-center align-self-center\">\n                <!---->\n                <div data-colibri-id=\"92-c5\" class=\"h-icon style-685 style-local-92-c5 position-relative h-element\">\n                  <!----><span class=\"h-svg-icon h-icon__icon style-685-icon style-local-92-c5-icon\"><!--Icon by Icons8 Line Awesome (https:\/\/icons8.com\/line-awesome)--><svg version=\"1.1\" xmlns=\"http:\/\/www.w3.org\/2000\/svg\" xmlns:xlink=\"http:\/\/www.w3.org\/1999\/xlink\" id=\"connectdevelop\" viewBox=\"0 0 512 545.5\"><path d=\"M146.5 99h219l4.5 8 100 174.5 4.5 8-4.5 8L370 472l-4.5 8h-219l-4.5-8L42 297.5l-4.5-8 4.5-8L142 107zm39 32l25 26 73-26h-98zm146 0L223 169.5l35 36.5zm-167 1.5l-.5 1V174l30.5-11zm184.5 3l-79.5 82 57 59L391 208zm-201 26L135 184l13-4.5v-18zm58.5 14L164 191v62l23.5 25 59.5-60.5zm-58.5 21l-25.5 9-1 2L148 236v-39.5zM113 222l-38.5 67.5 38 66L148 319v-59.5zm285 2l-60.5 64 38.5 39.5zm-140 5l-59.5 61 57.5 61 59.5-63zm152.5 13.5l-20.5 99 11 11.5 36.5-63.5zm-246.5 34v26l12.5-13zm162.5 23L267 363l8.5 9H367l5.5-25.5zm-139 2L164 325v47h72l9-9zm-39.5 40L120.5 370l1.5 2h26v-30.5zm238 19l-2.5 11.5h6.5l2.5-4.5zM131 388l17 29.5V388h-17zm33 0v57.5l1 2 56-59.5h-57zm79 0l-56.5 60h138l-56-60H243zm47.5 0l56 60 7-12 10-48h-73zm89.5 0l-.5 2.5 1.5-2.5h-1z\"><\/path><\/svg><\/span><\/div>\n                <div\n                  data-colibri-id=\"92-c6\" class=\"h-global-transition-all h-heading style-686 style-local-92-c6 position-relative h-element\">\n                  <!---->\n                  <div class=\"h-heading__outer style-686 style-local-92-c6\">\n                    <!---->\n                    <!---->\n                    <h4 class=\"\">Satzung<\/h4>\n                  <\/div>\n              <\/div>\n              <div data-colibri-id=\"92-c7\" class=\"h-text h-text-component style-687 style-local-92-c7 position-relative h-element\">\n                <!---->\n                <!---->\n                <div class=\"\">\n                  <p>Hier finden Sie die aktuelle Satzung<\/p>\n                <\/div>\n              <\/div>\n              <div data-colibri-id=\"92-c8\" class=\"h-x-container style-688 style-local-92-c8 position-relative h-element\">\n                <!---->\n                <div class=\"h-x-container-inner style-dynamic-92-c8-group style-688-spacing style-local-92-c8-spacing\"><span class=\"h-button__outer style-689-outer style-local-92-c9-outer d-inline-flex h-element\"><a h-use-smooth-scroll=\"true\" href=\"https:\/\/kellenbachtal.de\/wp-content\/uploads\/2025\/07\/KHK_Satzung_aktuell.pdf\" target=\"_blank\"  data-colibri-id=\"92-c9\" class=\"d-flex w-100 align-items-center h-button justify-content-lg-center justify-content-md-center justify-content-center style-689 style-local-92-c9 position-relative\"><!----><!----> <span>Erfahre mehr<\/span><\/a>\n                  <\/span>\n                <\/div>\n              <\/div>\n            <\/div>\n          <\/div>\n        <\/div>\n        <div class=\"h-column h-column-container d-flex h-col-lg-3 h-col-md-6 h-col-12 style-684-outer style-local-92-c10-outer\">\n          <div data-colibri-id=\"92-c10\" class=\"d-flex h-flex-basis h-column__inner h-px-lg-3 h-px-md-3 h-px-2 v-inner-lg-3 v-inner-md-3 v-inner-2 style-684 style-local-92-c10 position-relative\">\n            <!---->\n            <!---->\n            <div class=\"w-100 h-y-container h-column__content h-column__v-align flex-basis-100 align-self-lg-center align-self-md-center align-self-center\">\n              <!---->\n              <div data-colibri-id=\"92-c11\" class=\"h-icon style-685 style-local-92-c11 position-relative h-element\">\n                <!----><span class=\"h-svg-icon h-icon__icon style-685-icon style-local-92-c11-icon\"><!--Icon by Icons8 Line Awesome (https:\/\/icons8.com\/line-awesome)--><svg version=\"1.1\" xmlns=\"http:\/\/www.w3.org\/2000\/svg\" xmlns:xlink=\"http:\/\/www.w3.org\/1999\/xlink\" id=\"connectdevelop\" viewBox=\"0 0 512 545.5\"><path d=\"M146.5 99h219l4.5 8 100 174.5 4.5 8-4.5 8L370 472l-4.5 8h-219l-4.5-8L42 297.5l-4.5-8 4.5-8L142 107zm39 32l25 26 73-26h-98zm146 0L223 169.5l35 36.5zm-167 1.5l-.5 1V174l30.5-11zm184.5 3l-79.5 82 57 59L391 208zm-201 26L135 184l13-4.5v-18zm58.5 14L164 191v62l23.5 25 59.5-60.5zm-58.5 21l-25.5 9-1 2L148 236v-39.5zM113 222l-38.5 67.5 38 66L148 319v-59.5zm285 2l-60.5 64 38.5 39.5zm-140 5l-59.5 61 57.5 61 59.5-63zm152.5 13.5l-20.5 99 11 11.5 36.5-63.5zm-246.5 34v26l12.5-13zm162.5 23L267 363l8.5 9H367l5.5-25.5zm-139 2L164 325v47h72l9-9zm-39.5 40L120.5 370l1.5 2h26v-30.5zm238 19l-2.5 11.5h6.5l2.5-4.5zM131 388l17 29.5V388h-17zm33 0v57.5l1 2 56-59.5h-57zm79 0l-56.5 60h138l-56-60H243zm47.5 0l56 60 7-12 10-48h-73zm89.5 0l-.5 2.5 1.5-2.5h-1z\"><\/path><\/svg><\/span><\/div>\n              <div\n                data-colibri-id=\"92-c12\" class=\"h-global-transition-all h-heading style-686 style-local-92-c12 position-relative h-element\">\n                <!---->\n                <div class=\"h-heading__outer style-686 style-local-92-c12\">\n                  <!---->\n                  <!---->\n                  <h4 class=\"\">Beitrittserkl\u00e4rung<\/h4>\n                <\/div>\n            <\/div>\n            <div data-colibri-id=\"92-c13\" class=\"h-text h-text-component style-687 style-local-92-c13 position-relative h-element\">\n              <!---->\n              <!---->\n              <div class=\"\">\n                <p>Hier finden Sie die Beitrittserkl\u00e4ung<\/p>\n              <\/div>\n            <\/div>\n            <div data-colibri-id=\"92-c14\" class=\"h-x-container style-688 style-local-92-c14 position-relative h-element\">\n              <!---->\n              <div class=\"h-x-container-inner style-dynamic-92-c14-group style-688-spacing style-local-92-c14-spacing\"><span class=\"h-button__outer style-689-outer style-local-92-c15-outer d-inline-flex h-element\"><a h-use-smooth-scroll=\"true\" href=\"https:\/\/kellenbachtal.de\/wp-content\/uploads\/2025\/07\/Beitrittserklaerung.pdf\" target=\"_blank\"  data-colibri-id=\"92-c15\" class=\"d-flex w-100 align-items-center h-button justify-content-lg-center justify-content-md-center justify-content-center style-689 style-local-92-c15 position-relative\"><!----><!----> <span>Erfahre mehr<\/span><\/a>\n                <\/span>\n              <\/div>\n            <\/div>\n          <\/div>\n        <\/div>\n      <\/div>\n      <div class=\"h-column h-column-container d-flex h-col-lg-3 h-col-md-6 h-col-12 style-684-outer style-local-92-c16-outer\">\n        <div data-colibri-id=\"92-c16\" class=\"d-flex h-flex-basis h-column__inner h-px-lg-3 h-px-md-3 h-px-2 v-inner-lg-3 v-inner-md-3 v-inner-2 style-684 style-local-92-c16 position-relative\">\n          <!---->\n          <!---->\n          <div class=\"w-100 h-y-container h-column__content h-column__v-align flex-basis-100 align-self-lg-center align-self-md-center align-self-center\">\n            <!---->\n            <div data-colibri-id=\"92-c17\" class=\"h-icon style-685 style-local-92-c17 position-relative h-element\">\n              <!----><span class=\"h-svg-icon h-icon__icon style-685-icon style-local-92-c17-icon\"><!--Icon by Icons8 Line Awesome (https:\/\/icons8.com\/line-awesome)--><svg version=\"1.1\" xmlns=\"http:\/\/www.w3.org\/2000\/svg\" xmlns:xlink=\"http:\/\/www.w3.org\/1999\/xlink\" id=\"connectdevelop\" viewBox=\"0 0 512 545.5\"><path d=\"M146.5 99h219l4.5 8 100 174.5 4.5 8-4.5 8L370 472l-4.5 8h-219l-4.5-8L42 297.5l-4.5-8 4.5-8L142 107zm39 32l25 26 73-26h-98zm146 0L223 169.5l35 36.5zm-167 1.5l-.5 1V174l30.5-11zm184.5 3l-79.5 82 57 59L391 208zm-201 26L135 184l13-4.5v-18zm58.5 14L164 191v62l23.5 25 59.5-60.5zm-58.5 21l-25.5 9-1 2L148 236v-39.5zM113 222l-38.5 67.5 38 66L148 319v-59.5zm285 2l-60.5 64 38.5 39.5zm-140 5l-59.5 61 57.5 61 59.5-63zm152.5 13.5l-20.5 99 11 11.5 36.5-63.5zm-246.5 34v26l12.5-13zm162.5 23L267 363l8.5 9H367l5.5-25.5zm-139 2L164 325v47h72l9-9zm-39.5 40L120.5 370l1.5 2h26v-30.5zm238 19l-2.5 11.5h6.5l2.5-4.5zM131 388l17 29.5V388h-17zm33 0v57.5l1 2 56-59.5h-57zm79 0l-56.5 60h138l-56-60H243zm47.5 0l56 60 7-12 10-48h-73zm89.5 0l-.5 2.5 1.5-2.5h-1z\"><\/path><\/svg><\/span><\/div>\n            <div\n              data-colibri-id=\"92-c18\" class=\"h-global-transition-all h-heading style-686 style-local-92-c18 position-relative h-element\">\n              <!---->\n              <div class=\"h-heading__outer style-686 style-local-92-c18\">\n                <!---->\n                <!---->\n                <h4 class=\"\">Datenschutz<\/h4>\n              <\/div>\n          <\/div>\n          <div data-colibri-id=\"92-c19\" class=\"h-text h-text-component style-687 style-local-92-c19 position-relative h-element\">\n            <!---->\n            <!---->\n            <div class=\"\">\n              <p>Hier finden Sie die Datenschutzerkl\u00e4rung zum Beitritt<\/p>\n            <\/div>\n          <\/div>\n          <div data-colibri-id=\"92-c20\" class=\"h-x-container style-688 style-local-92-c20 position-relative h-element\">\n            <!---->\n            <div class=\"h-x-container-inner style-dynamic-92-c20-group style-688-spacing style-local-92-c20-spacing\"><span class=\"h-button__outer style-689-outer style-local-92-c21-outer d-inline-flex h-element\"><a h-use-smooth-scroll=\"true\" href=\"https:\/\/kellenbachtal.de\/wp-content\/uploads\/2025\/07\/Datenschutzerklaerung.pdf\" target=\"_blank\"  data-colibri-id=\"92-c21\" class=\"d-flex w-100 align-items-center h-button justify-content-lg-center justify-content-md-center justify-content-center style-689 style-local-92-c21 position-relative\"><!----><!----> <span>Erfahre mehr<\/span><\/a>\n              <\/span>\n            <\/div>\n          <\/div>\n        <\/div>\n      <\/div>\n    <\/div>\n    <div class=\"h-column h-column-container d-flex h-col-lg-3 h-col-md-6 h-col-12 style-684-outer style-local-92-c22-outer\">\n      <div data-colibri-id=\"92-c22\" class=\"d-flex h-flex-basis h-column__inner h-px-lg-3 h-px-md-3 h-px-2 v-inner-lg-3 v-inner-md-3 v-inner-2 style-684 style-local-92-c22 position-relative\">\n        <!---->\n        <!---->\n        <div class=\"w-100 h-y-container h-column__content h-column__v-align flex-basis-100 align-self-lg-center align-self-md-center align-self-center\">\n          <!---->\n          <div data-colibri-id=\"92-c23\" class=\"h-icon style-685 style-local-92-c23 position-relative h-element\">\n            <!----><span class=\"h-svg-icon h-icon__icon style-685-icon style-local-92-c23-icon\"><!--Icon by Icons8 Line Awesome (https:\/\/icons8.com\/line-awesome)--><svg version=\"1.1\" xmlns=\"http:\/\/www.w3.org\/2000\/svg\" xmlns:xlink=\"http:\/\/www.w3.org\/1999\/xlink\" id=\"connectdevelop\" viewBox=\"0 0 512 545.5\"><path d=\"M146.5 99h219l4.5 8 100 174.5 4.5 8-4.5 8L370 472l-4.5 8h-219l-4.5-8L42 297.5l-4.5-8 4.5-8L142 107zm39 32l25 26 73-26h-98zm146 0L223 169.5l35 36.5zm-167 1.5l-.5 1V174l30.5-11zm184.5 3l-79.5 82 57 59L391 208zm-201 26L135 184l13-4.5v-18zm58.5 14L164 191v62l23.5 25 59.5-60.5zm-58.5 21l-25.5 9-1 2L148 236v-39.5zM113 222l-38.5 67.5 38 66L148 319v-59.5zm285 2l-60.5 64 38.5 39.5zm-140 5l-59.5 61 57.5 61 59.5-63zm152.5 13.5l-20.5 99 11 11.5 36.5-63.5zm-246.5 34v26l12.5-13zm162.5 23L267 363l8.5 9H367l5.5-25.5zm-139 2L164 325v47h72l9-9zm-39.5 40L120.5 370l1.5 2h26v-30.5zm238 19l-2.5 11.5h6.5l2.5-4.5zM131 388l17 29.5V388h-17zm33 0v57.5l1 2 56-59.5h-57zm79 0l-56.5 60h138l-56-60H243zm47.5 0l56 60 7-12 10-48h-73zm89.5 0l-.5 2.5 1.5-2.5h-1z\"><\/path><\/svg><\/span><\/div>\n          <div\n            data-colibri-id=\"92-c24\" class=\"h-global-transition-all h-heading style-686 style-local-92-c24 position-relative h-element\">\n            <!---->\n            <div class=\"h-heading__outer style-686 style-local-92-c24\">\n              <!---->\n              <!---->\n              <h4 class=\"\">SEPA-Lastschrift<\/h4>\n            <\/div>\n        <\/div>\n        <div data-colibri-id=\"92-c25\" class=\"h-text h-text-component style-687 style-local-92-c25 position-relative h-element\">\n          <!---->\n          <!---->\n          <div class=\"\">\n            <p>Hier finden Sie das SEPA-Lastschriftmandat<\/p>\n          <\/div>\n        <\/div>\n        <div data-colibri-id=\"92-c26\" class=\"h-x-container style-688 style-local-92-c26 position-relative h-element\">\n          <!---->\n          <div class=\"h-x-container-inner style-dynamic-92-c26-group style-688-spacing style-local-92-c26-spacing\"><span class=\"h-button__outer style-689-outer style-local-92-c27-outer d-inline-flex h-element\"><a h-use-smooth-scroll=\"true\" href=\"https:\/\/kellenbachtal.de\/wp-content\/uploads\/2025\/07\/SEPA-Lastschriftmandat.pdf\" target=\"_blank\"  data-colibri-id=\"92-c27\" class=\"d-flex w-100 align-items-center h-button justify-content-lg-center justify-content-md-center justify-content-center style-689 style-local-92-c27 position-relative\"><!----><!----> <span>Erfahre mehr<\/span><\/a>\n            <\/span>\n          <\/div>\n        <\/div>\n      <\/div>\n    <\/div>\n  <\/div>\n<\/div>\n<\/div>\n<\/div>\n<\/div>\n<\/div>","protected":false},"excerpt":{"rendered":"<p>Mitgliedschaft Satzung Hier finden Sie die aktuelle Satzung Erfahre mehr Beitrittserkl\u00e4rung Hier finden Sie die Beitrittserkl\u00e4ung Erfahre mehr Datenschutz Hier finden Sie die Datenschutzerkl\u00e4rung zum Beitritt Erfahre mehr SEPA-Lastschrift Hier finden Sie das SEPA-Lastschriftmandat Erfahre mehr<\/p>\n","protected":false},"author":1,"featured_media":0,"parent":0,"menu_order":0,"comment_status":"closed","ping_status":"closed","template":"page-templates\/full-width-page.php","meta":{"footnotes":""},"class_list":["post-92","page","type-page","status-publish","hentry"],"_links":{"self":[{"href":"https:\/\/kellenbachtal.de\/Home\/wp-json\/wp\/v2\/pages\/92","targetHints":{"allow":["GET"]}}],"collection":[{"href":"https:\/\/kellenbachtal.de\/Home\/wp-json\/wp\/v2\/pages"}],"about":[{"href":"https:\/\/kellenbachtal.de\/Home\/wp-json\/wp\/v2\/types\/page"}],"author":[{"embeddable":true,"href":"https:\/\/kellenbachtal.de\/Home\/wp-json\/wp\/v2\/users\/1"}],"replies":[{"embeddable":true,"href":"https:\/\/kellenbachtal.de\/Home\/wp-json\/wp\/v2\/comments?post=92"}],"version-history":[{"count":9,"href":"https:\/\/kellenbachtal.de\/Home\/wp-json\/wp\/v2\/pages\/92\/revisions"}],"predecessor-version":[{"id":572,"href":"https:\/\/kellenbachtal.de\/Home\/wp-json\/wp\/v2\/pages\/92\/revisions\/572"}],"wp:attachment":[{"href":"https:\/\/kellenbachtal.de\/Home\/wp-json\/wp\/v2\/media?parent=92"}],"curies":[{"name":"wp","href":"https:\/\/api.w.org\/{rel}","templated":true}]}}